{"id":2998,"date":"2017-10-09T13:00:58","date_gmt":"2017-10-09T11:00:34","guid":{"rendered":"https:\/\/vismacontract.com\/privacy-policy-completa\/"},"modified":"2017-10-09T13:00:58","modified_gmt":"2017-10-09T11:00:34","slug":"privacy-policy-completa","status":"publish","type":"page","link":"https:\/\/vismacontract.com\/en\/privacy-policy-completa\/","title":{"rendered":"Privacy Policy Completa"},"content":{"rendered":"\n<style type=\"text\/css\" data-created_by=\"avia_inline_auto\" id=\"style-css-av-3qzyjv-07985eff9c5ae1c7cceba0157dcd9c6f\">\n#top .av-special-heading.av-3qzyjv-07985eff9c5ae1c7cceba0157dcd9c6f{\npadding-bottom:10px;\n}\nbody .av-special-heading.av-3qzyjv-07985eff9c5ae1c7cceba0157dcd9c6f .av-special-heading-tag .heading-char{\nfont-size:25px;\n}\n.av-special-heading.av-3qzyjv-07985eff9c5ae1c7cceba0157dcd9c6f .av-subheading{\nfont-size:13px;\n}\n<\/style>\n<div  class='av-special-heading av-3qzyjv-07985eff9c5ae1c7cceba0157dcd9c6f av-special-heading-h2 blockquote modern-quote  avia-builder-el-0  el_before_av_hr  avia-builder-el-first '><h2 class='av-special-heading-tag '  itemprop=\"headline\"  >Privacy Policy di vismacontract.com<\/h2><div class='av-subheading av-subheading_below'><p>Questo sito web raccoglie i seguenti dati personali dei propri utenti.<\/p>\n<\/div><div class=\"special-heading-border\"><div class=\"special-heading-inner-border\"><\/div><\/div><\/div>\n\n<style type=\"text\/css\" data-created_by=\"avia_inline_auto\" id=\"style-css-av-3iv097-f54ede7d96fd07547034809d653901ab\">\n#top .hr.hr-invisible.av-3iv097-f54ede7d96fd07547034809d653901ab{\nheight:30px;\n}\n<\/style>\n<div  class='hr av-3iv097-f54ede7d96fd07547034809d653901ab hr-invisible  avia-builder-el-1  el_after_av_heading  el_before_av_heading '><span class='hr-inner '><span class=\"hr-inner-style\"><\/span><\/span><\/div>\n\n<style type=\"text\/css\" data-created_by=\"avia_inline_auto\" id=\"style-css-av-3d2hb7-1695643d724d470299ae06beb55eeea1\">\n#top .av-special-heading.av-3d2hb7-1695643d724d470299ae06beb55eeea1{\npadding-bottom:10px;\n}\nbody .av-special-heading.av-3d2hb7-1695643d724d470299ae06beb55eeea1 .av-special-heading-tag .heading-char{\nfont-size:25px;\n}\n.av-special-heading.av-3d2hb7-1695643d724d470299ae06beb55eeea1 .av-subheading{\nfont-size:13px;\n}\n<\/style>\n<div  class='av-special-heading av-3d2hb7-1695643d724d470299ae06beb55eeea1 av-special-heading-h2 blockquote modern-quote  avia-builder-el-2  el_after_av_hr  el_before_av_textblock '><h2 class='av-special-heading-tag '  itemprop=\"headline\"  >Titolare del trattamento dei dati<\/h2><div class='av-subheading av-subheading_below'><p>Informazioni di contatto<\/p>\n<\/div><div class=\"special-heading-border\"><div class=\"special-heading-inner-border\"><\/div><\/div><\/div>\n<section  class='av_textblock_section av-36sveb-70a495c1a629455f8ae71496ae5f8f1a '   itemscope=\"itemscope\" itemtype=\"https:\/\/schema.org\/CreativeWork\" ><div class='avia_textblock'  itemprop=\"text\" ><p><strong>Visma Contract Srl<\/strong><\/p>\n<p>Via Asiago, 34 Int. 1,<\/p>\n<p>36030 Sarcedo (VI)<\/p>\n<p>P.IVA 03155450244<\/p>\n<p><strong>Indirizzo Email del Titolare:<\/strong> <a href=\"mailto:contract@vismarredo.net\">contract@vismarredo.net<\/a><\/p>\n<\/div><\/section>\n<div  class='hr av-348d5f-e180e201667c90ec4a162dc741d25b56 hr-default  avia-builder-el-4  el_after_av_textblock  el_before_av_textblock '><span class='hr-inner '><span class=\"hr-inner-style\"><\/span><\/span><\/div>\n<section  class='av_textblock_section av-ae7o3-e972eccd1e4032acb30357c0b829746e '   itemscope=\"itemscope\" itemtype=\"https:\/\/schema.org\/CreativeWork\" ><div class='avia_textblock'  itemprop=\"text\" ><p><strong>Tipi di Dati raccolti<\/strong><\/p>\n<p>Fra i Dati Personali raccolti da questo sito web, in modo autonomo o tramite terzi, ci sono: Cookie, Dati di utilizzo, Email, Nome, Cognome e Numero di Telefono.<\/p>\n<p>I Dati Personali possono essere liberamente forniti dall&#8217;Utente o, nel caso di Dati di Utilizzo, raccolti automaticamente durante l&#8217;uso di questo sito web.<\/p>\n<p>Tutti i Dati richiesti da questo sito web sono obbligatori e, in mancanza del loro conferimento, potrebbe essere impossibile per questo sito web fornire il servizio. Nei casi in cui questo sito web indichi alcuni Dati come facoltativi, gli Utenti sono liberi di astenersi dal comunicare tali Dati, senza che ci\u00f2 abbia alcuna conseguenza sulla disponibilit\u00e0 del servizio o sulla sua operativit\u00e0.<\/p>\n<p>Gli Utenti che dovessero avere dubbi su quali Dati siano obbligatori, sono incoraggiati a contattare il Titolare.<\/p>\n<p>L\u2019eventuale utilizzo di Cookie &#8211; o di altri strumenti di tracciamento &#8211; da parte di questa Applicazione o dei titolari dei servizi terzi utilizzati da questa Applicazione, ove non diversamente precisato, ha la finalit\u00e0 di fornire il servizio richiesto dall&#8217;Utente, oltre alle ulteriori finalit\u00e0 descritte nel presente documento e nella Cookie Policy, se disponibile.<\/p>\n<p>L&#8217;Utente si assume la responsabilit\u00e0 dei Dati Personali di terzi ottenuti, pubblicati o condivisi mediante questo sito web e garantisce di avere il diritto di comunicarli o diffonderli, liberando il Titolare da qualsiasi responsabilit\u00e0 verso terzi.<\/p>\n<p><strong>Modalit\u00e0 e luogo del trattamento dei Dati raccolti<\/strong><\/p>\n<p><em>Modalit\u00e0 di trattamento<\/em><\/p>\n<p>Il Titolare tratta i Dati Personali degli Utenti adottando le opportune misure di sicurezza volte ad impedire l\u2019accesso, la divulgazione, la modifica o la distruzione non autorizzate dei Dati Personali.<\/p>\n<p>Il trattamento viene effettuato mediante strumenti informatici e\/o telematici, con modalit\u00e0 organizzative e con logiche strettamente correlate alle finalit\u00e0 indicate. Oltre al Titolare, in alcuni casi, potrebbero avere accesso ai Dati categorie di incaricati coinvolti nell\u2019organizzazione del sito (personale amministrativo, commerciale, marketing, legali, amministratori di sistema) ovvero soggetti esterni (come fornitori di servizi tecnici terzi, corrieri postali, hosting provider, societ\u00e0 informatiche, agenzie di comunicazione) nominati anche, se necessario, Responsabili del Trattamento da parte del Titolare. L\u2019elenco aggiornato dei Responsabili potr\u00e0 sempre essere richiesto al Titolare del Trattamento.<\/p>\n<p><em>Luogo<\/em><\/p>\n<p>I trattamenti connessi ai servizi web di questo sito hanno luogo presso le sedi operative del Titolare ed in ogni altro luogo in cui le parti coinvolte nel trattamento siano localizzate. Per ulteriori informazioni, si prega di contattare il Titolare.<\/p>\n<p><strong>Periodo di conservazione<\/strong><\/p>\n<p>I Dati sono trattati per il tempo necessario allo svolgimento del servizio richiesto dall\u2019Utente, o richiesto dalle finalit\u00e0 descritte in questo documento, e l\u2019Utente pu\u00f2 sempre chiedere l\u2019interruzione del Trattamento o la cancellazione dei Dati.<\/p>\n<p><strong>Finalit\u00e0 del Trattamento dei Dati raccolti<\/strong><\/p>\n<p>I Dati dell\u2019Utente sono raccolti per consentire al Titolare di fornire i propri servizi, cos\u00ec come per le seguenti finalit\u00e0: Statistica, Interazione con social network e piattaforme esterne, Gestione contatti e invio di messaggi e Contattare l&#8217;Utente.<\/p>\n<p><strong>Le tipologie di Dati Personali utilizzati per ciascuna finalit\u00e0 sono indicati nelle sezioni specifiche di questo documento.<\/strong><\/p>\n<p>Dettagli sul trattamento dei Dati Personali<\/p>\n<p>I Dati Personali sono raccolti per le seguenti finalit\u00e0 ed utilizzando i seguenti servizi:<\/p>\n<\/div><\/section>\n<div  class='hr av-2o8gwb-998d1572d18cff11ef1644e95b4b124d hr-default  avia-builder-el-6  el_after_av_textblock  el_before_av_one_half '><span class='hr-inner '><span class=\"hr-inner-style\"><\/span><\/span><\/div>\n\n<style type=\"text\/css\" data-created_by=\"avia_inline_auto\" id=\"style-css-av-16fzxn-5d1edd6f79ec4a827db631e406c3ad50\">\n.flex_column.av-16fzxn-5d1edd6f79ec4a827db631e406c3ad50{\nborder-radius:0px 0px 0px 0px;\npadding:0px 0px 0px 0px;\n}\n<\/style>\n<div  class='flex_column av-16fzxn-5d1edd6f79ec4a827db631e406c3ad50 av_one_half  avia-builder-el-7  el_after_av_hr  el_before_av_one_half  first flex_column_div av-zero-column-padding  '     ><article  class='iconbox iconbox_left av-12ew63-ca61aff4b178c8eda60459b74d3c1155  avia-builder-el-8  avia-builder-el-no-sibling '  itemscope=\"itemscope\" itemtype=\"https:\/\/schema.org\/CreativeWork\" ><div class=\"iconbox_content\"><header class=\"entry-content-header\" aria-label=\"Icon: Interazione con piattaforme esterne\"><div class='iconbox_icon heading-color avia-iconfont avia-font-entypo-fontello' data-av_icon='\ue843' data-av_iconfont='entypo-fontello'  ><\/div><h3 class='iconbox_content_title '  itemprop=\"headline\" >Interazione con piattaforme esterne<\/h3><\/header><div class='iconbox_content_container '  itemprop=\"text\" ><p>Questo tipo di servizi permette di visualizzare contenuti ospitati su piattaforme esterne direttamente dalle pagine di questa Applicazione e di interagire con essi.<\/p>\n<p>Nel caso in cui sia installato un servizio di questo tipo, \u00e8 possibile che, anche nel caso gli Utenti non utilizzino il servizio, lo stesso raccolga dati di traffico relativi alle pagine in cui \u00e8 installato.<\/p>\n<p>Widget Google Maps (Google Inc.)<\/p>\n<p>Google Maps \u00e8 un servizio di visualizzazione di mappe gestito da Google Inc. che permette a questa Applicazione di integrare tali contenuti all\u2019interno delle proprie pagine.<\/p>\n<p>Dati Personali raccolti: Cookie e Dati di utilizzo.<\/p>\n<p>Luogo del trattamento: Stati Uniti \u2013<\/p>\n<p><a href=\"https:\/\/www.google.it\/intl\/it\/policies\/privacy\/\" target=\"_blank\" rel=\"noopener\">Privacy Policy<\/a><\/p>\n<\/div><\/div><footer class=\"entry-footer\"><\/footer><\/article><\/div>\n\n<style type=\"text\/css\" data-created_by=\"avia_inline_auto\" id=\"style-css-av-vg5xn-d433368d16dd600204a3e60f3bc884e7\">\n.flex_column.av-vg5xn-d433368d16dd600204a3e60f3bc884e7{\nborder-radius:0px 0px 0px 0px;\npadding:0px 0px 0px 0px;\n}\n<\/style>\n<div  class='flex_column av-vg5xn-d433368d16dd600204a3e60f3bc884e7 av_one_half  avia-builder-el-9  el_after_av_one_half  el_before_av_hr  flex_column_div av-zero-column-padding  '     ><article  class='iconbox iconbox_left av-sv22z-3072dce4180a622d29abfa92016a83a9  avia-builder-el-10  avia-builder-el-no-sibling '  itemscope=\"itemscope\" itemtype=\"https:\/\/schema.org\/CreativeWork\" ><div class=\"iconbox_content\"><header class=\"entry-content-header\" aria-label=\"Icon: Interazione con piattaforme esterne\"><div class='iconbox_icon heading-color avia-iconfont avia-font-entypo-fontello' data-av_icon='\ue80d' data-av_iconfont='entypo-fontello'  ><\/div><h3 class='iconbox_content_title '  itemprop=\"headline\" >Interazione con piattaforme esterne<\/h3><\/header><div class='iconbox_content_container '  itemprop=\"text\" ><p>Widget Video YouTube (Google Inc.)<\/p>\n<p>YouTube \u00e8 un servizio di visualizzazione di contenuti video gestito da Google Inc. che permette a questa Applicazione di integrare tali contenuti all\u2019interno delle proprie pagine.<\/p>\n<p>Dati Personali raccolti: Cookie e Dati di utilizzo.<\/p>\n<p>Luogo del trattamento: Stati Uniti<\/p>\n<p><a href=\"http:\/\/www.google.it\/intl\/it\/policies\/privacy\/\" target=\"_blank\" rel=\"noopener\">Privacy Policy<\/a><\/p>\n<\/div><\/div><footer class=\"entry-footer\"><\/footer><\/article><\/div>\n<div  class='hr av-j1vkr-ee901145741ec003cdef566c031866c1 hr-default  avia-builder-el-11  el_after_av_one_half  el_before_av_textblock '><span class='hr-inner '><span class=\"hr-inner-style\"><\/span><\/span><\/div>\n<section  class='av_textblock_section av-do16j-0e5e16b774fc8431d740329b5117549b '   itemscope=\"itemscope\" itemtype=\"https:\/\/schema.org\/CreativeWork\" ><div class='avia_textblock'  itemprop=\"text\" ><p><strong>Ulteriori informazioni sul trattamento<\/strong><\/p>\n<p><strong>Difesa in giudizio<\/strong><\/p>\n<p>I Dati Personali dell\u2019Utente possono essere utilizzati da parte del Titolare in giudizio o nelle fasi propedeutiche alla sua eventuale instaurazione per la difesa da abusi nell&#8217;utilizzo di questa Applicazione o dei servizi connessi da parte dell\u2019Utente.<\/p>\n<p>L\u2019Utente dichiara di essere consapevole che al Titolare potrebbe essere richiesto di rivelare i Dati su richiesta delle pubbliche autorit\u00e0.<\/p>\n<p>Informative specifiche<\/p>\n<p>Su richiesta dell\u2019Utente, in aggiunta alle informazioni contenute in questa privacy policy, questo sito web potrebbe fornire all&#8217;Utente delle informative aggiuntive e contestuali riguardanti servizi specifici, o la raccolta ed il trattamento di Dati Personali.<\/p>\n<p><strong>Log di sistema e manutenzione<\/strong><\/p>\n<p>Per necessit\u00e0 legate al funzionamento ed alla manutenzione, questo sito web e gli eventuali servizi terzi da esso utilizzati potrebbero raccogliere Log di sistema, ossia file che registrano le interazioni e che possono contenere anche Dati Personali, quali l\u2019indirizzo IP Utente.<\/p>\n<p><strong>Informazioni non contenute in questa policy<\/strong><\/p>\n<p>Maggiori informazioni in relazione al trattamento dei Dati Personali potranno essere richieste in qualsiasi momento al Titolare del Trattamento utilizzando le informazioni di contatto.<\/p>\n<p><strong>Diritti dell\u2019Utente<\/strong><\/p>\n<p>I soggetti cui si riferiscono i Dati Personali hanno il diritto in qualunque momento di ottenere la conferma dell&#8217;esistenza o meno degli stessi presso il Titolare del Trattamento, di conoscerne il contenuto e l&#8217;origine, di verificarne l&#8217;esattezza o chiederne l\u2019integrazione, la cancellazione, l&#8217;aggiornamento, la rettifica, la trasformazione in forma anonima o il blocco dei Dati Personali trattati in violazione di legge, nonch\u00e9 di opporsi in ogni caso, per motivi legittimi, al loro trattamento. Le richieste vanno rivolte al Titolare del Trattamento.<\/p>\n<p><strong>Questo sito web non supporta le richieste \u201cDo Not Track\u201d.<\/strong><\/p>\n<p>Per scoprire se gli eventuali servizi di terze parti utilizzati le supportino, l&#8217;Utente \u00e8 invitato a consultare le rispettive privacy policy.<\/p>\n<p><strong>Modifiche a questa privacy policy.<\/strong><\/p>\n<p>Il Titolare del Trattamento si riserva il diritto di apportare modifiche alla presente privacy policy in qualunque momento dandone pubblicit\u00e0 agli Utenti su questa pagina. Si prega dunque di consultare spesso questa pagina, prendendo come riferimento la data di ultima modifica indicata in fondo. Nel caso di mancata accettazione delle modifiche apportate alla presente privacy policy, l\u2019Utente \u00e8 tenuto a cessare l\u2019utilizzo di questo sito web e pu\u00f2 richiedere al Titolare del Trattamento di rimuovere i propri Dati Personali. Salvo quanto diversamente specificato, la precedente privacy policy continuer\u00e0 ad applicarsi ai Dati Personali sino a quel momento raccolti.<\/p>\n<\/div><\/section>\n<section  class='av_textblock_section av-a9ior-6a6805c4dda1082d702d4739cfd6ebd2 '   itemscope=\"itemscope\" itemtype=\"https:\/\/schema.org\/CreativeWork\" ><div class='avia_textblock'  itemprop=\"text\" ><h3 class=\"expand-click w_icon_24 icon_ribbon\">Definizioni e riferimenti legali<\/h3>\n<p><strong>Dati Personali (o Dati)<\/strong><\/p>\n<p>Costituisce dato personale qualunque informazione relativa a persona fisica, identificata o identificabile, anche indirettamente, mediante riferimento a qualsiasi altra informazione, ivi compreso un numero di identificazione personale.<\/p>\n<p><strong>Dati di Utilizzo<\/strong><\/p>\n<p>Sono le informazioni raccolte automaticamente attraverso questa Applicazione (anche da applicazioni di parti terze integrate in questa Applicazione), tra cui: gli indirizzi IP o i nomi a dominio dei computer utilizzati dall\u2019Utente che si connette con questa Applicazione, gli indirizzi in notazione URI (Uniform Resource Identifier), l\u2019orario della richiesta, il metodo utilizzato nell\u2019inoltrare la richiesta al server, la dimensione del file ottenuto in risposta, il codice numerico indicante lo stato della risposta dal server (buon fine, errore, ecc.) il paese di provenienza, le caratteristiche del browser e del sistema operativo utilizzati dal visitatore, le varie connotazioni temporali della visita (ad esempio il tempo di permanenza su ciascuna pagina) e i dettagli relativi all\u2019itinerario seguito all\u2019interno dell\u2019Applicazione, con particolare riferimento alla sequenza delle pagine consultate, ai parametri relativi al sistema operativo e all\u2019ambiente informatico dell\u2019Utente.<\/p>\n<p><strong>Utente<\/strong><\/p>\n<p>L&#8217;individuo che utilizza questa Applicazione, che deve coincidere con l&#8217;Interessato o essere da questo autorizzato ed i cui Dati Personali sono oggetto del trattamento.<\/p>\n<p><strong>Interessato<\/strong><\/p>\n<p>La persona fisica o giuridica cui si riferiscono i Dati Personali.<\/p>\n<p>Responsabile del Trattamento (o Responsabile)<\/p>\n<p>La persona fisica, giuridica, la pubblica amministrazione e qualsiasi altro ente, associazione od organismo preposti dal Titolare al trattamento dei Dati Personali, secondo quanto predisposto dalla presente privacy policy.<\/p>\n<p><strong>Titolare del Trattamento (o Titolare)<\/strong><\/p>\n<p>La persona fisica, giuridica, la pubblica amministrazione e qualsiasi altro ente, associazione od organismo cui competono, anche unitamente ad altro titolare, le decisioni in ordine alle finalit\u00e0, alle modalit\u00e0 del trattamento di dati personali ed agli strumenti utilizzati, ivi compreso il profilo della sicurezza, in relazione al funzionamento e alla fruizione di questa Applicazione. Il Titolare del Trattamento, salvo quanto diversamente specificato, \u00e8 il proprietario di questa Applicazione.<\/p>\n<p><strong>Questo sito web<\/strong><\/p>\n<p>Lo strumento software mediante il quale sono raccolti e trattati i Dati Personali degli Utenti.<\/p>\n<p><strong>Cookie<\/strong><\/p>\n<p>Piccola porzione di dati conservata all&#8217;interno del dispositivo dell&#8217;Utente.<\/p>\n<p><strong>Riferimenti legali<\/strong><\/p>\n<p>Avviso agli Utenti europei: la presente informativa privacy \u00e8 redatta in adempimento degli obblighi previsti dal Regolamento UE n. 679 del 2016 in materia di protezione dei dati personali (&#8220;GDPR&#8221;), dall\u2019 Art. 10 della Direttiva n. 95\/46\/CE, nonch\u00e9 a quanto previsto dalla Direttiva 2002\/58\/CE, come aggiornata dalla Direttiva 2009\/136\/CE, in materia di Cookie.<\/p>\n<p>Questa informativa privacy riguarda esclusivamente questo sito web.<\/p>\n<\/div><\/section>\n","protected":false},"excerpt":{"rendered":"","protected":false},"author":1,"featured_media":0,"parent":0,"menu_order":5,"comment_status":"closed","ping_status":"closed","template":"","meta":[],"folder":[],"yoast_head":"<!-- This site is optimized with the Yoast SEO plugin v20.5 - https:\/\/yoast.com\/wordpress\/plugins\/seo\/ -->\n<title>Privacy Policy Completa - Visma Contract<\/title>\n<meta name=\"robots\" content=\"index, follow, max-snippet:-1, max-image-preview:large, max-video-preview:-1\" \/>\n<link rel=\"canonical\" href=\"https:\/\/vismacontract.com\/privacy-policy-completa\/?lang=en\" \/>\n<meta property=\"og:locale\" content=\"en_US\" \/>\n<meta property=\"og:type\" content=\"article\" \/>\n<meta property=\"og:title\" content=\"Privacy Policy Completa - Visma Contract\" \/>\n<meta property=\"og:url\" content=\"https:\/\/vismacontract.com\/privacy-policy-completa\/?lang=en\" \/>\n<meta property=\"og:site_name\" content=\"Visma Contract\" \/>\n<meta name=\"twitter:card\" content=\"summary_large_image\" \/>\n<meta name=\"twitter:label1\" content=\"Est. reading time\" \/>\n\t<meta name=\"twitter:data1\" content=\"10 minutes\" \/>\n<script type=\"application\/ld+json\" class=\"yoast-schema-graph\">{\"@context\":\"https:\/\/schema.org\",\"@graph\":[{\"@type\":\"WebPage\",\"@id\":\"https:\/\/vismacontract.com\/privacy-policy-completa\/?lang=en\",\"url\":\"https:\/\/vismacontract.com\/privacy-policy-completa\/?lang=en\",\"name\":\"Privacy Policy Completa - Visma Contract\",\"isPartOf\":{\"@id\":\"https:\/\/vismacontract.com\/#website\"},\"datePublished\":\"2017-10-09T11:00:34+00:00\",\"dateModified\":\"2017-10-09T11:00:34+00:00\",\"breadcrumb\":{\"@id\":\"https:\/\/vismacontract.com\/privacy-policy-completa\/?lang=en#breadcrumb\"},\"inLanguage\":\"en-US\",\"potentialAction\":[{\"@type\":\"ReadAction\",\"target\":[\"https:\/\/vismacontract.com\/privacy-policy-completa\/?lang=en\"]}]},{\"@type\":\"BreadcrumbList\",\"@id\":\"https:\/\/vismacontract.com\/privacy-policy-completa\/?lang=en#breadcrumb\",\"itemListElement\":[{\"@type\":\"ListItem\",\"position\":1,\"name\":\"Home\",\"item\":\"https:\/\/vismacontract.com\/en\/home\/\"},{\"@type\":\"ListItem\",\"position\":2,\"name\":\"Privacy Policy Completa\"}]},{\"@type\":\"WebSite\",\"@id\":\"https:\/\/vismacontract.com\/#website\",\"url\":\"https:\/\/vismacontract.com\/\",\"name\":\"Visma Contract\",\"description\":\"Interior hotel contractor\",\"publisher\":{\"@id\":\"https:\/\/vismacontract.com\/#organization\"},\"potentialAction\":[{\"@type\":\"SearchAction\",\"target\":{\"@type\":\"EntryPoint\",\"urlTemplate\":\"https:\/\/vismacontract.com\/?s={search_term_string}\"},\"query-input\":\"required name=search_term_string\"}],\"inLanguage\":\"en-US\"},{\"@type\":\"Organization\",\"@id\":\"https:\/\/vismacontract.com\/#organization\",\"name\":\"Visma Contract\",\"url\":\"https:\/\/vismacontract.com\/\",\"logo\":{\"@type\":\"ImageObject\",\"inLanguage\":\"en-US\",\"@id\":\"https:\/\/vismacontract.com\/#\/schema\/logo\/image\/\",\"url\":\"https:\/\/vismacontract.com\/wp-content\/uploads\/2023\/03\/Visma-contract-nero.png\",\"contentUrl\":\"https:\/\/vismacontract.com\/wp-content\/uploads\/2023\/03\/Visma-contract-nero.png\",\"width\":433,\"height\":128,\"caption\":\"Visma Contract\"},\"image\":{\"@id\":\"https:\/\/vismacontract.com\/#\/schema\/logo\/image\/\"},\"sameAs\":[\"https:\/\/www.instagram.com\/vismacontractsrl\/\",\"https:\/\/www.linkedin.com\/company\/visma-contract\"]}]}<\/script>\n<!-- \/ Yoast SEO plugin. -->","yoast_head_json":{"title":"Privacy Policy Completa - Visma Contract","robots":{"index":"index","follow":"follow","max-snippet":"max-snippet:-1","max-image-preview":"max-image-preview:large","max-video-preview":"max-video-preview:-1"},"canonical":"https:\/\/vismacontract.com\/privacy-policy-completa\/?lang=en","og_locale":"en_US","og_type":"article","og_title":"Privacy Policy Completa - Visma Contract","og_url":"https:\/\/vismacontract.com\/privacy-policy-completa\/?lang=en","og_site_name":"Visma Contract","twitter_card":"summary_large_image","twitter_misc":{"Est. reading time":"10 minutes"},"schema":{"@context":"https:\/\/schema.org","@graph":[{"@type":"WebPage","@id":"https:\/\/vismacontract.com\/privacy-policy-completa\/?lang=en","url":"https:\/\/vismacontract.com\/privacy-policy-completa\/?lang=en","name":"Privacy Policy Completa - Visma Contract","isPartOf":{"@id":"https:\/\/vismacontract.com\/#website"},"datePublished":"2017-10-09T11:00:34+00:00","dateModified":"2017-10-09T11:00:34+00:00","breadcrumb":{"@id":"https:\/\/vismacontract.com\/privacy-policy-completa\/?lang=en#breadcrumb"},"inLanguage":"en-US","potentialAction":[{"@type":"ReadAction","target":["https:\/\/vismacontract.com\/privacy-policy-completa\/?lang=en"]}]},{"@type":"BreadcrumbList","@id":"https:\/\/vismacontract.com\/privacy-policy-completa\/?lang=en#breadcrumb","itemListElement":[{"@type":"ListItem","position":1,"name":"Home","item":"https:\/\/vismacontract.com\/en\/home\/"},{"@type":"ListItem","position":2,"name":"Privacy Policy Completa"}]},{"@type":"WebSite","@id":"https:\/\/vismacontract.com\/#website","url":"https:\/\/vismacontract.com\/","name":"Visma Contract","description":"Interior hotel contractor","publisher":{"@id":"https:\/\/vismacontract.com\/#organization"},"potentialAction":[{"@type":"SearchAction","target":{"@type":"EntryPoint","urlTemplate":"https:\/\/vismacontract.com\/?s={search_term_string}"},"query-input":"required name=search_term_string"}],"inLanguage":"en-US"},{"@type":"Organization","@id":"https:\/\/vismacontract.com\/#organization","name":"Visma Contract","url":"https:\/\/vismacontract.com\/","logo":{"@type":"ImageObject","inLanguage":"en-US","@id":"https:\/\/vismacontract.com\/#\/schema\/logo\/image\/","url":"https:\/\/vismacontract.com\/wp-content\/uploads\/2023\/03\/Visma-contract-nero.png","contentUrl":"https:\/\/vismacontract.com\/wp-content\/uploads\/2023\/03\/Visma-contract-nero.png","width":433,"height":128,"caption":"Visma Contract"},"image":{"@id":"https:\/\/vismacontract.com\/#\/schema\/logo\/image\/"},"sameAs":["https:\/\/www.instagram.com\/vismacontractsrl\/","https:\/\/www.linkedin.com\/company\/visma-contract"]}]}},"_links":{"self":[{"href":"https:\/\/vismacontract.com\/en\/wp-json\/wp\/v2\/pages\/2998"}],"collection":[{"href":"https:\/\/vismacontract.com\/en\/wp-json\/wp\/v2\/pages"}],"about":[{"href":"https:\/\/vismacontract.com\/en\/wp-json\/wp\/v2\/types\/page"}],"author":[{"embeddable":true,"href":"https:\/\/vismacontract.com\/en\/wp-json\/wp\/v2\/users\/1"}],"replies":[{"embeddable":true,"href":"https:\/\/vismacontract.com\/en\/wp-json\/wp\/v2\/comments?post=2998"}],"version-history":[{"count":0,"href":"https:\/\/vismacontract.com\/en\/wp-json\/wp\/v2\/pages\/2998\/revisions"}],"wp:attachment":[{"href":"https:\/\/vismacontract.com\/en\/wp-json\/wp\/v2\/media?parent=2998"}],"wp:term":[{"taxonomy":"folder","embeddable":true,"href":"https:\/\/vismacontract.com\/en\/wp-json\/wp\/v2\/folder?post=2998"}],"curies":[{"name":"wp","href":"https:\/\/api.w.org\/{rel}","templated":true}]}}